{"id":20,"date":"2019-09-04T14:27:43","date_gmt":"2019-09-04T14:27:43","guid":{"rendered":"https:\/\/super-sonnig.de\/verkauf\/?page_id=20"},"modified":"2025-09-30T17:40:50","modified_gmt":"2025-09-30T17:40:50","slug":"gallery","status":"publish","type":"page","link":"https:\/\/super-sonnig.de\/verkauf\/?page_id=20","title":{"rendered":"Gallery"},"content":{"rendered":"<div>\n<div>Eine \u00dcbersicht der R\u00e4ume<\/div>\n<p>Photo Gallery<\/p>\n<div>Die Auswahl gibt einen ersten Eindruck <br class=\"uk-visible@s\"> von den vier Kellerr\u00e4umen und der Waschk\u00fcche  <br class=\"uk-visible@s\">gibt es keine Fotos<\/div>\n<\/div>\n<h1>Im Erdgeschoss finden Sie das Wohn- und Esszimmer, die K\u00fcche sowie eine G\u00e4stetoilette.<\/h1>\n<div>\n<p>Das helle Wohnzimmer bietet mit seinen &#8230; Quadratmetern zahlreiche M\u00f6glichkeiten. Au\u00dferdem gelangen Sie direkt auf die einladend gestaltete Terrasse im vorderen Gartenbereich.<\/p>\n<\/div>\n<ul>\n<li>\n<p>        <img decoding=\"async\" src=\"\/verkauf\/wp-content\/uploads\/2025\/09\/wohnzimmer-r-neu-1-scaled.jpg\" alt=\"\"><\/p>\n<\/li>\n<li>\n<p>        <img decoding=\"async\" src=\"\/verkauf\/wp-content\/uploads\/2025\/09\/EG_Wohnzimmer-1-scaled.jpg\" alt=\"\"><\/p>\n<\/li>\n<li>\n<p>        <img decoding=\"async\" src=\"\/verkauf\/wp-content\/uploads\/2025\/09\/IMG_4152-1-scaled.jpg\" alt=\"\"><\/p>\n<\/li>\n<\/ul>\n<div>\n<p>    <img decoding=\"async\" src=\"\/verkauf\/wp-content\/uploads\/2025\/09\/Blume-1.jpg\" alt=\"\"><\/p>\n<\/div>\n<div>\n<p>Auch das Esszimmer besticht mit vielen Fenstern mit Sicht auf den Wald, der Ofen verbreitet vor allem in der kalten Jahreszeit eine gem\u00fctliche Atmosph\u00e4re.<\/p>\n<\/div>\n<ul>\n<li>\n<p>        <img decoding=\"async\" src=\"\/verkauf\/wp-content\/uploads\/2025\/09\/IMG_4159-1-scaled.jpg\" alt=\"\"><\/p>\n<\/li>\n<li>\n<p>        <img decoding=\"async\" src=\"\/verkauf\/wp-content\/uploads\/2025\/09\/IMG_4156-1-scaled.jpg\" alt=\"\"><\/p>\n<\/li>\n<li>\n<p>        <img decoding=\"async\" src=\"\/verkauf\/wp-content\/uploads\/2025\/09\/2ofen-scaled.jpg\" alt=\"\"><\/p>\n<\/li>\n<\/ul>\n<div>\n<p>Die offen gestaltete K\u00fcche bietet reichlich Platz zum Kochen und Backen. Die Einbauk\u00fcche mit den hochwertigen Elektroger\u00e4ten ist enthalten.<\/p>\n<\/div>\n<ul>\n<li>\n<p>        <img decoding=\"async\" src=\"\/verkauf\/wp-content\/uploads\/yootheme\/gallery-07.jpg\" alt=\"\"><\/p>\n<\/li>\n<li>\n<p>        <img decoding=\"async\" src=\"\/verkauf\/wp-content\/uploads\/2025\/09\/IMG_4169-1-scaled.jpg\" alt=\"\"><\/p>\n<\/li>\n<li>\n<p>        <img decoding=\"async\" src=\"\/verkauf\/wp-content\/uploads\/2025\/09\/IMG_4168-1-scaled.jpg\" alt=\"\"><\/p>\n<\/li>\n<\/ul>\n<ul>\n<li>\n<p>        <img decoding=\"async\" src=\"\/verkauf\/wp-content\/uploads\/2025\/09\/IMG_4172-1-scaled.jpg\" alt=\"\"><\/p>\n<\/li>\n<li>\n<p>        <img decoding=\"async\" src=\"\/verkauf\/wp-content\/uploads\/2025\/09\/IMG_8852-1-scaled.jpg\" alt=\"\"><\/p>\n<\/li>\n<\/ul>\n<h1>Im 1. Stock befinden sich zwei Arbeitsr\u00e4ume, zwei B\u00e4der und das Schlafzimmer<\/h1>\n<ul>\n<li>\n<p>        <img decoding=\"async\" src=\"\/verkauf\/wp-content\/uploads\/2025\/09\/gallery-19-scaled.jpg\" alt=\"\"><\/p>\n<h3>Erstes Arbeitszimmer<\/h3>\n<\/li>\n<li>\n<p>        <img decoding=\"async\" src=\"\/verkauf\/wp-content\/uploads\/2025\/09\/gallery-18-scaled.jpg\" alt=\"\"><\/p>\n<h3>Erstes Arbeitszimmer<\/h3>\n<\/li>\n<li>\n<p>        <img decoding=\"async\" src=\"\/verkauf\/wp-content\/uploads\/2025\/09\/gallery-17-scaled.jpg\" alt=\"\"><\/p>\n<h3>Schlafzimmer mit Balkon<\/h3>\n<\/li>\n<li>\n<p>        <img decoding=\"async\" src=\"\/verkauf\/wp-content\/uploads\/2025\/09\/gallery-16-scaled.jpg\" alt=\"\"><\/p>\n<h3>Badezimmer mit Dusche<\/h3>\n<\/li>\n<li>\n<p>        <img decoding=\"async\" src=\"\/verkauf\/wp-content\/uploads\/2025\/09\/IMG_4165-1-scaled.jpg\" alt=\"\"><\/p>\n<h3>Badezimmer mit Dusche<\/h3>\n<\/li>\n<li>\n<p>        <img decoding=\"async\" src=\"\/verkauf\/wp-content\/uploads\/2025\/09\/IMG_2241-1-scaled.jpg\" alt=\"\"><\/p>\n<h3>Zum zweiten Arbeitszimmer<\/h3>\n<\/li>\n<li>\n<p>        <img decoding=\"async\" src=\"\/verkauf\/wp-content\/uploads\/2025\/09\/IMG_2232-1-scaled.jpg\" alt=\"\"><\/p>\n<h3>Badezimmer mit Eckbadewanne<\/h3>\n<\/li>\n<li>\n<p>        <img decoding=\"async\" src=\"\/verkauf\/wp-content\/uploads\/2025\/09\/IMG_2234-1-scaled.jpg\" alt=\"\"><\/p>\n<h3>Badezimmer mit Eckbadewanne<\/h3>\n<\/li>\n<\/ul>\n<h1>Das Dachgescho\u00df &#8211; Hier gibt es drei Zimmer, ein WC und das ehemalige Badezimmer (mit allenb Anschl\u00fc\u00dfen) &#8211; dieser Raum ist aktuell Stauraum<\/h1>\n<ul>\n<li>\n<p>        <img decoding=\"async\" src=\"\/verkauf\/wp-content\/uploads\/2025\/09\/IMG_4141-1-scaled.jpg\" alt=\"\"><\/p>\n<\/li>\n<li>\n<p>        <img decoding=\"async\" src=\"\/verkauf\/wp-content\/uploads\/2025\/09\/gallery-30-scaled.jpg\" alt=\"\"><\/p>\n<\/li>\n<li>\n<p>        <img decoding=\"async\" src=\"\/verkauf\/wp-content\/uploads\/2025\/09\/DachDurchgang-scaled.jpg\" alt=\"\"><\/p>\n<\/li>\n<\/ul>\n<div>\n<div>Alle Bilder sind selbst aufgenommen und bed\u00fcrfen einer schriftlichen Genehmigung zur weiteren Ver\u00f6ffentlichung und verarbeitung der Daten.<\/div>\n<p><a href=\"#\"><\/a><\/p>\n<\/div>\n<p><!--more--><br \/>\n<!-- {\"type\":\"layout\",\"children\":[{\"name\":\"Hero\",\"type\":\"section\",\"props\":{\"image_position\":\"center-center\",\"padding_remove_bottom\":false,\"padding_remove_top\":false,\"style\":\"default\",\"title_breakpoint\":\"xl\",\"title_position\":\"top-left\",\"title_rotation\":\"left\",\"vertical_align\":\"\",\"width\":\"default\"},\"children\":[{\"type\":\"row\",\"props\":{\"width\":\"small\"},\"children\":[{\"type\":\"column\",\"props\":{\"image_position\":\"center-center\",\"position_sticky_breakpoint\":\"m\",\"width_medium\":\"1-1\"},\"children\":[{\"type\":\"panel\",\"props\":{\"content\":\"Die Auswahl gibt einen ersten Eindruck <br class=\\\"uk-visible@s\\\"> von den vier Kellerr\\u00e4umen und der Waschk\\u00fcche  <br class=\\\"uk-visible@s\\\">gibt es keine Fotos\",\"content_column_breakpoint\":\"m\",\"icon_width\":80,\"image_align\":\"top\",\"image_grid_breakpoint\":\"m\",\"image_grid_width\":\"1-2\",\"image_svg_color\":\"emphasis\",\"link_style\":\"default\",\"link_text\":\"Read more\",\"margin\":\"default\",\"meta\":\"Photo Gallery\",\"meta_align\":\"above-title\",\"meta_element\":\"h1\",\"meta_style\":\"text-meta\",\"text_align\":\"center\",\"title\":\"Eine \\u00dcbersicht der R\\u00e4ume\",\"title_align\":\"top\",\"title_color\":\"primary\",\"title_element\":\"div\",\"title_grid_breakpoint\":\"m\",\"title_grid_width\":\"1-2\",\"title_hover_style\":\"reset\",\"title_margin\":\"small\",\"title_style\":\"heading-small\"}}]}]}]},{\"name\":\"Gallery\",\"type\":\"section\",\"props\":{\"image_position\":\"top-left\",\"padding_remove_top\":false,\"style\":\"default\",\"title_breakpoint\":\"xl\",\"title_position\":\"top-left\",\"title_rotation\":\"left\",\"vertical_align\":\"\",\"width\":\"xlarge\"},\"children\":[{\"type\":\"row\",\"props\":{\"margin\":\"default\",\"width\":\"expand\"},\"children\":[{\"type\":\"column\",\"props\":{\"image\":\"wp-content\\\/uploads\\\/yootheme\\\/gallery-bg.svg\",\"image_position\":\"top-left\",\"media_visibility\":\"m\",\"position_sticky_breakpoint\":\"m\",\"width_medium\":\"1-1\"}}]}]},{\"type\":\"section\",\"props\":{\"image_position\":\"center-center\",\"style\":\"default\",\"title\":\"Erdgeschoss\",\"title_breakpoint\":\"xl\",\"title_position\":\"top-left\",\"title_rotation\":\"left\",\"vertical_align\":\"middle\",\"width\":\"default\"},\"children\":[{\"type\":\"row\",\"children\":[{\"type\":\"column\",\"props\":{\"image_position\":\"center-center\",\"position_sticky_breakpoint\":\"m\"},\"children\":[{\"type\":\"headline\",\"props\":{\"content\":\"Im Erdgeschoss finden Sie das Wohn- und Esszimmer, die K\\u00fcche sowie eine G\\u00e4stetoilette.\",\"title_element\":\"h1\"}},{\"type\":\"text\",\"props\":{\"column_breakpoint\":\"m\",\"content\":\"\n\n<p>Das helle Wohnzimmer bietet mit seinen ... Quadratmetern zahlreiche M\\u00f6glichkeiten. Au\\u00dferdem gelangen Sie direkt auf die einladend gestaltete Terrasse im vorderen Gartenbereich.<\\\/p>\",\"dropcap\":false,\"margin\":\"default\",\"text_color\":\"emphasis\",\"text_style\":\"lead\"}},{\"type\":\"grid\",\"props\":{\"content_column_breakpoint\":\"m\",\"filter_align\":\"left\",\"filter_all\":true,\"filter_grid_breakpoint\":\"m\",\"filter_grid_width\":\"auto\",\"filter_position\":\"top\",\"filter_style\":\"tab\",\"grid_default\":\"1\",\"grid_medium\":\"3\",\"icon_width\":80,\"image_align\":\"top\",\"image_grid_breakpoint\":\"m\",\"image_grid_width\":\"1-2\",\"image_svg_color\":\"emphasis\",\"item_animation\":true,\"lightbox_bg_close\":true,\"link_style\":\"default\",\"link_text\":\"Read more\",\"margin\":\"default\",\"meta_align\":\"below-title\",\"meta_element\":\"div\",\"meta_style\":\"text-meta\",\"show_content\":true,\"show_hover_image\":true,\"show_hover_video\":true,\"show_image\":true,\"show_link\":true,\"show_meta\":true,\"show_title\":true,\"show_video\":true,\"title_align\":\"top\",\"title_element\":\"h3\",\"title_grid_breakpoint\":\"m\",\"title_grid_width\":\"1-2\",\"title_hover_style\":\"reset\"},\"children\":[{\"type\":\"grid_item\",\"props\":{\"image\":\"wp-content\\\/uploads\\\/2025\\\/09\\\/wohnzimmer-r-neu-1-scaled.jpg\"}},{\"type\":\"grid_item\",\"props\":{\"image\":\"wp-content\\\/uploads\\\/2025\\\/09\\\/EG_Wohnzimmer-1-scaled.jpg\"}},{\"type\":\"grid_item\",\"props\":{\"image\":\"wp-content\\\/uploads\\\/2025\\\/09\\\/IMG_4152-1-scaled.jpg\"}}]},{\"type\":\"slideshow\",\"props\":{\"link_style\":\"default\",\"link_text\":\"Read more\",\"margin\":\"default\",\"meta_align\":\"below-title\",\"meta_element\":\"div\",\"meta_style\":\"text-meta\",\"nav\":\"dotnav\",\"nav_align\":\"center\",\"nav_breakpoint\":\"s\",\"nav_position\":\"bottom-center\",\"nav_position_margin\":\"medium\",\"overlay_animation\":\"parallax\",\"overlay_position\":\"center-left\",\"show_content\":true,\"show_link\":true,\"show_meta\":true,\"show_thumbnail\":true,\"show_title\":true,\"slidenav\":\"default\",\"slidenav_breakpoint\":\"s\",\"slidenav_margin\":\"medium\",\"slidenav_outside_breakpoint\":\"xl\",\"slideshow_autoplay_pause\":true,\"slideshow_min_height\":300,\"thumbnav_height\":\"75\",\"thumbnav_svg_color\":\"emphasis\",\"thumbnav_width\":\"100\",\"title_element\":\"h3\",\"title_hover_style\":\"reset\"},\"children\":[{\"type\":\"slideshow_item\",\"props\":{\"image\":\"wp-content\\\/uploads\\\/2025\\\/09\\\/Blume-1.jpg\"}}]},{\"type\":\"text\",\"props\":{\"column_breakpoint\":\"m\",\"content\":\"\n\n<p>Auch das Esszimmer besticht mit vielen Fenstern mit Sicht auf den Wald, der Ofen verbreitet vor allem in der kalten Jahreszeit eine gem\\u00fctliche Atmosph\\u00e4re.<\\\/p>\",\"dropcap\":false,\"margin\":\"default\",\"text_color\":\"emphasis\",\"text_style\":\"lead\"}},{\"type\":\"grid\",\"props\":{\"content_column_breakpoint\":\"m\",\"filter_align\":\"left\",\"filter_all\":true,\"filter_grid_breakpoint\":\"m\",\"filter_grid_width\":\"auto\",\"filter_position\":\"top\",\"filter_style\":\"tab\",\"grid_default\":\"1\",\"grid_medium\":\"3\",\"icon_width\":80,\"image_align\":\"top\",\"image_grid_breakpoint\":\"m\",\"image_grid_width\":\"1-2\",\"image_svg_color\":\"emphasis\",\"item_animation\":true,\"lightbox_bg_close\":true,\"link_style\":\"default\",\"link_text\":\"Read more\",\"margin\":\"default\",\"meta_align\":\"below-title\",\"meta_element\":\"div\",\"meta_style\":\"text-meta\",\"show_content\":true,\"show_hover_image\":true,\"show_hover_video\":true,\"show_image\":true,\"show_link\":true,\"show_meta\":true,\"show_title\":true,\"show_video\":true,\"title_align\":\"top\",\"title_element\":\"h3\",\"title_grid_breakpoint\":\"m\",\"title_grid_width\":\"1-2\",\"title_hover_style\":\"reset\"},\"children\":[{\"type\":\"grid_item\",\"props\":{\"image\":\"wp-content\\\/uploads\\\/2025\\\/09\\\/IMG_4159-1-scaled.jpg\"}},{\"type\":\"grid_item\",\"props\":{\"image\":\"wp-content\\\/uploads\\\/2025\\\/09\\\/IMG_4156-1-scaled.jpg\"}},{\"type\":\"grid_item\",\"props\":{\"image\":\"wp-content\\\/uploads\\\/2025\\\/09\\\/2ofen-scaled.jpg\"}}]},{\"type\":\"text\",\"props\":{\"column_breakpoint\":\"m\",\"content\":\"\n\n<p>Die offen gestaltete K\\u00fcche bietet reichlich Platz zum Kochen und Backen. Die Einbauk\\u00fcche mit den hochwertigen Elektroger\\u00e4ten ist enthalten.<\\\/p>\",\"dropcap\":false,\"margin\":\"default\",\"text_color\":\"emphasis\",\"text_style\":\"lead\"}},{\"type\":\"grid\",\"props\":{\"content_column_breakpoint\":\"m\",\"filter_align\":\"left\",\"filter_all\":true,\"filter_grid_breakpoint\":\"m\",\"filter_grid_width\":\"auto\",\"filter_position\":\"top\",\"filter_style\":\"tab\",\"grid_default\":\"1\",\"grid_medium\":\"3\",\"icon_width\":80,\"image_align\":\"top\",\"image_grid_breakpoint\":\"m\",\"image_grid_width\":\"1-2\",\"image_svg_color\":\"emphasis\",\"item_animation\":true,\"lightbox_bg_close\":true,\"link_style\":\"default\",\"link_text\":\"Read more\",\"margin\":\"default\",\"meta_align\":\"below-title\",\"meta_element\":\"div\",\"meta_style\":\"text-meta\",\"show_content\":true,\"show_hover_image\":true,\"show_hover_video\":true,\"show_image\":true,\"show_link\":true,\"show_meta\":true,\"show_title\":true,\"show_video\":true,\"title_align\":\"top\",\"title_element\":\"h3\",\"title_grid_breakpoint\":\"m\",\"title_grid_width\":\"1-2\",\"title_hover_style\":\"reset\"},\"children\":[{\"type\":\"grid_item\",\"props\":{\"image\":\"wp-content\\\/uploads\\\/yootheme\\\/gallery-07.jpg\"}},{\"type\":\"grid_item\",\"props\":{\"image\":\"wp-content\\\/uploads\\\/2025\\\/09\\\/IMG_4169-1-scaled.jpg\"}},{\"type\":\"grid_item\",\"props\":{\"image\":\"wp-content\\\/uploads\\\/2025\\\/09\\\/IMG_4168-1-scaled.jpg\"}}]},{\"type\":\"slideshow\",\"props\":{\"link_style\":\"default\",\"link_text\":\"Read more\",\"margin\":\"default\",\"meta_align\":\"below-title\",\"meta_element\":\"div\",\"meta_style\":\"text-meta\",\"nav\":\"dotnav\",\"nav_align\":\"center\",\"nav_breakpoint\":\"s\",\"nav_position\":\"bottom-center\",\"nav_position_margin\":\"medium\",\"overlay_animation\":\"parallax\",\"overlay_position\":\"center-left\",\"show_content\":true,\"show_link\":true,\"show_meta\":true,\"show_thumbnail\":true,\"show_title\":true,\"slidenav\":\"default\",\"slidenav_breakpoint\":\"s\",\"slidenav_margin\":\"medium\",\"slidenav_outside_breakpoint\":\"xl\",\"slideshow_autoplay\":true,\"slideshow_autoplay_pause\":true,\"slideshow_box_decoration\":\"mask\",\"slideshow_min_height\":300,\"thumbnav_height\":\"75\",\"thumbnav_svg_color\":\"emphasis\",\"thumbnav_width\":\"100\",\"title_element\":\"h3\",\"title_hover_style\":\"reset\"},\"children\":[{\"type\":\"slideshow_item\",\"props\":{\"image\":\"wp-content\\\/uploads\\\/2025\\\/09\\\/IMG_4172-1-scaled.jpg\"}},{\"type\":\"slideshow_item\",\"props\":{\"image\":\"wp-content\\\/uploads\\\/2025\\\/09\\\/IMG_8852-1-scaled.jpg\"}}]}]}]}],\"name\":\"Erdgeschoss\"},{\"type\":\"section\",\"props\":{\"image_position\":\"center-center\",\"style\":\"default\",\"title_breakpoint\":\"xl\",\"title_position\":\"top-left\",\"title_rotation\":\"left\",\"vertical_align\":\"middle\",\"width\":\"default\"},\"children\":[{\"type\":\"row\",\"children\":[{\"type\":\"column\",\"props\":{\"image_position\":\"center-center\",\"position_sticky_breakpoint\":\"m\"},\"children\":[{\"type\":\"headline\",\"props\":{\"content\":\"Im 1. Stock befinden sich zwei Arbeitsr\\u00e4ume, zwei B\\u00e4der und das Schlafzimmer\",\"title_element\":\"h1\"}},{\"type\":\"slideshow\",\"props\":{\"link_style\":\"default\",\"link_text\":\"Read more\",\"margin\":\"default\",\"meta_align\":\"below-title\",\"meta_element\":\"div\",\"meta_style\":\"text-meta\",\"nav\":\"dotnav\",\"nav_align\":\"center\",\"nav_breakpoint\":\"s\",\"nav_position\":\"bottom-center\",\"nav_position_margin\":\"medium\",\"overlay_animation\":\"parallax\",\"overlay_position\":\"center-left\",\"show_content\":true,\"show_link\":true,\"show_meta\":true,\"show_thumbnail\":true,\"show_title\":true,\"slidenav\":\"default\",\"slidenav_breakpoint\":\"s\",\"slidenav_margin\":\"medium\",\"slidenav_outside_breakpoint\":\"xl\",\"slideshow_autoplay_pause\":true,\"slideshow_min_height\":300,\"thumbnav_height\":\"75\",\"thumbnav_svg_color\":\"emphasis\",\"thumbnav_width\":\"100\",\"title_element\":\"h3\",\"title_hover_style\":\"reset\"},\"children\":[{\"type\":\"slideshow_item\",\"props\":{\"image\":\"wp-content\\\/uploads\\\/2025\\\/09\\\/gallery-19-scaled.jpg\",\"title\":\"Erstes Arbeitszimmer\"}},{\"type\":\"slideshow_item\",\"props\":{\"image\":\"wp-content\\\/uploads\\\/2025\\\/09\\\/gallery-18-scaled.jpg\",\"title\":\"Erstes Arbeitszimmer\"}},{\"type\":\"slideshow_item\",\"props\":{\"image\":\"wp-content\\\/uploads\\\/2025\\\/09\\\/gallery-17-scaled.jpg\",\"title\":\"Schlafzimmer mit Balkon\"}},{\"type\":\"slideshow_item\",\"props\":{\"image\":\"wp-content\\\/uploads\\\/2025\\\/09\\\/gallery-16-scaled.jpg\",\"title\":\"Badezimmer mit Dusche\"}},{\"type\":\"slideshow_item\",\"props\":{\"image\":\"wp-content\\\/uploads\\\/2025\\\/09\\\/IMG_4165-1-scaled.jpg\",\"title\":\"Badezimmer mit Dusche\"}},{\"type\":\"slideshow_item\",\"props\":{\"image\":\"wp-content\\\/uploads\\\/2025\\\/09\\\/IMG_2241-1-scaled.jpg\",\"title\":\"Zum zweiten Arbeitszimmer\"}},{\"type\":\"slideshow_item\",\"props\":{\"image\":\"wp-content\\\/uploads\\\/2025\\\/09\\\/IMG_2232-1-scaled.jpg\",\"title\":\"Badezimmer mit Eckbadewanne\"}},{\"type\":\"slideshow_item\",\"props\":{\"image\":\"wp-content\\\/uploads\\\/2025\\\/09\\\/IMG_2234-1-scaled.jpg\",\"title\":\"Badezimmer mit Eckbadewanne\"}}]}]}]}]},{\"type\":\"section\",\"props\":{\"image_position\":\"center-center\",\"style\":\"default\",\"title_breakpoint\":\"xl\",\"title_position\":\"top-left\",\"title_rotation\":\"left\",\"vertical_align\":\"middle\",\"width\":\"default\"},\"children\":[{\"type\":\"row\",\"children\":[{\"type\":\"column\",\"props\":{\"image_position\":\"center-center\",\"position_sticky_breakpoint\":\"m\"},\"children\":[{\"type\":\"headline\",\"props\":{\"content\":\"Das Dachgescho\\u00df - Hier gibt es drei Zimmer, ein WC und das ehemalige Badezimmer (mit allenb Anschl\\u00fc\\u00dfen) - dieser Raum ist aktuell Stauraum\",\"title_element\":\"h1\"}},{\"type\":\"slideshow\",\"props\":{\"link_style\":\"default\",\"link_text\":\"Read more\",\"margin\":\"default\",\"meta_align\":\"below-title\",\"meta_element\":\"div\",\"meta_style\":\"text-meta\",\"nav\":\"dotnav\",\"nav_align\":\"center\",\"nav_breakpoint\":\"s\",\"nav_position\":\"bottom-center\",\"nav_position_margin\":\"medium\",\"overlay_animation\":\"parallax\",\"overlay_position\":\"center-left\",\"show_content\":true,\"show_link\":true,\"show_meta\":true,\"show_thumbnail\":true,\"show_title\":true,\"slidenav\":\"default\",\"slidenav_breakpoint\":\"s\",\"slidenav_margin\":\"medium\",\"slidenav_outside_breakpoint\":\"xl\",\"slideshow_autoplay_pause\":true,\"slideshow_min_height\":300,\"thumbnav_height\":\"75\",\"thumbnav_svg_color\":\"emphasis\",\"thumbnav_width\":\"100\",\"title_element\":\"h3\",\"title_hover_style\":\"reset\"},\"children\":[{\"type\":\"slideshow_item\",\"props\":{\"image\":\"wp-content\\\/uploads\\\/2025\\\/09\\\/IMG_4141-1-scaled.jpg\"}},{\"type\":\"slideshow_item\",\"props\":{\"image\":\"wp-content\\\/uploads\\\/2025\\\/09\\\/gallery-30-scaled.jpg\"}},{\"type\":\"slideshow_item\",\"props\":{\"image\":\"wp-content\\\/uploads\\\/2025\\\/09\\\/DachDurchgang-scaled.jpg\"}}]}]}]}]},{\"name\":\"Call to action\",\"type\":\"section\",\"props\":{\"image\":\"wp-content\\\/uploads\\\/2025\\\/09\\\/IMG_4342b-1-scaled.jpg\",\"image_position\":\"center-center\",\"style\":\"primary\",\"title_breakpoint\":\"xl\",\"title_position\":\"top-left\",\"title_rotation\":\"left\",\"vertical_align\":\"\",\"width\":\"\"},\"children\":[{\"type\":\"row\",\"props\":{\"layout\":\"1-2,1-2\",\"margin\":\"default\",\"width\":\"small\"},\"children\":[{\"type\":\"column\",\"props\":{\"image_position\":\"center-center\",\"position_sticky_breakpoint\":\"m\",\"vertical_align\":\"middle\",\"width_medium\":\"1-2\"},\"children\":[{\"type\":\"panel\",\"props\":{\"content\":\"Alle Bilder sind selbst aufgenommen und bed\\u00fcrfen einer schriftlichen Genehmigung zur weiteren Ver\\u00f6ffentlichung und verarbeitung der Daten.\",\"content_column_breakpoint\":\"m\",\"icon_width\":80,\"image_align\":\"top\",\"image_grid_breakpoint\":\"m\",\"image_grid_width\":\"1-2\",\"image_svg_color\":\"emphasis\",\"link\":\"#\",\"link_style\":\"\",\"link_text\":\"\",\"margin\":\"default\",\"margin_remove_top\":false,\"meta_align\":\"below-title\",\"meta_element\":\"div\",\"meta_style\":\"text-meta\",\"text_align\":\"left\",\"text_align_breakpoint\":\"m\",\"text_align_fallback\":\"center\",\"title_align\":\"top\",\"title_element\":\"h3\",\"title_grid_breakpoint\":\"m\",\"title_grid_width\":\"1-2\",\"title_hover_style\":\"reset\"}}]},{\"type\":\"column\",\"props\":{\"image_position\":\"center-center\",\"position_sticky_breakpoint\":\"m\",\"vertical_align\":\"middle\",\"width_medium\":\"1-2\"}}]}]}],\"version\":\"4.5.28\"} --><\/p>\n","protected":false},"excerpt":{"rendered":"<p>Eine \u00dcbersicht der R\u00e4ume Photo Gallery Die Auswahl gibt einen ersten Eindruck von den vier Kellerr\u00e4umen und der Waschk\u00fcche gibt es keine Fotos Im Erdgeschoss finden Sie das Wohn- und Esszimmer, die K\u00fcche sowie eine G\u00e4stetoilette. Das helle Wohnzimmer bietet mit seinen &#8230; Quadratmetern zahlreiche M\u00f6glichkeiten. Au\u00dferdem gelangen Sie direkt auf die einladend gestaltete Terrasse [&hellip;]<\/p>\n","protected":false},"author":1,"featured_media":0,"parent":0,"menu_order":0,"comment_status":"closed","ping_status":"closed","template":"","meta":{"_acf_changed":false,"footnotes":""},"class_list":["post-20","page","type-page","status-publish","hentry"],"acf":[],"_links":{"self":[{"href":"https:\/\/super-sonnig.de\/verkauf\/index.php?rest_route=\/wp\/v2\/pages\/20","targetHints":{"allow":["GET"]}}],"collection":[{"href":"https:\/\/super-sonnig.de\/verkauf\/index.php?rest_route=\/wp\/v2\/pages"}],"about":[{"href":"https:\/\/super-sonnig.de\/verkauf\/index.php?rest_route=\/wp\/v2\/types\/page"}],"author":[{"embeddable":true,"href":"https:\/\/super-sonnig.de\/verkauf\/index.php?rest_route=\/wp\/v2\/users\/1"}],"replies":[{"embeddable":true,"href":"https:\/\/super-sonnig.de\/verkauf\/index.php?rest_route=%2Fwp%2Fv2%2Fcomments&post=20"}],"version-history":[{"count":47,"href":"https:\/\/super-sonnig.de\/verkauf\/index.php?rest_route=\/wp\/v2\/pages\/20\/revisions"}],"predecessor-version":[{"id":2351,"href":"https:\/\/super-sonnig.de\/verkauf\/index.php?rest_route=\/wp\/v2\/pages\/20\/revisions\/2351"}],"wp:attachment":[{"href":"https:\/\/super-sonnig.de\/verkauf\/index.php?rest_route=%2Fwp%2Fv2%2Fmedia&parent=20"}],"curies":[{"name":"wp","href":"https:\/\/api.w.org\/{rel}","templated":true}]}}