{"id":2239,"date":"2025-09-16T17:45:31","date_gmt":"2025-09-16T17:45:31","guid":{"rendered":"https:\/\/super-sonnig.de\/verkauf\/?page_id=2239"},"modified":"2025-09-19T18:38:22","modified_gmt":"2025-09-19T18:38:22","slug":"hier-finden-sie-die-grundrisse","status":"publish","type":"page","link":"https:\/\/super-sonnig.de\/verkauf\/?page_id=2239","title":{"rendered":"Hier finden Sie die Grundrisse"},"content":{"rendered":"\n<p>Es handelt dich um PDF Dateien aus den Bauantr\u00e4gen. Wir haben kleine Erg\u00e4nzungen vorgenommen und auch W\u00e4nde die nicht (mehr) vorhanden sind retuschiert.<\/p>\n\n\n\n<p><a href=\"https:\/\/super-sonnig.de\/verkauf\/\/wp-content\/uploads\/2025\/09\/K.pdf\" data-type=\"page\" data-id=\"1\">=&gt; Kellergeschoss<\/a><\/p>\n\n\n\n<p>=&gt; <a href=\"https:\/\/super-sonnig.de\/verkauf\/\/wp-content\/uploads\/2025\/09\/EG.pdf\" target=\"_blank\" rel=\"noreferrer noopener\">Erdgeschoss<\/a><\/p>\n\n\n\n<p>=&gt; <a href=\"https:\/\/super-sonnig.de\/verkauf\/\/wp-content\/uploads\/2025\/09\/Erstes.pdf\" target=\"_blank\" rel=\"noreferrer noopener\">Erstes OG<\/a><\/p>\n\n\n\n<p>Vom Dachgeschoss gibt es keinen aktuellen Grundriss<\/p>\n\n\n\n<p><\/p>\n\n\n\n<p>Aufstellung der Raumgr\u00f6\u00dfe aus dem Bauantrag f\u00fcr die Erweiterung 1986 <\/p>\n\n\n\n<p>auch als PDF <a href=\"https:\/\/super-sonnig.de\/verkauf\/\/wp-content\/uploads\/2025\/09\/WF.pdf\">=&gt; hier<\/a><\/p>\n\n\n\n<h2 class=\"wp-block-heading\">Den Energieausweis k\u00f6nnen Sie bei der Besichtigung einsehen<\/h2>\n\n\n\n<figure class=\"wp-block-image size-full\"><img loading=\"lazy\" decoding=\"async\" width=\"875\" height=\"659\" src=\"https:\/\/super-sonnig.de\/verkauf\/wp-content\/uploads\/2025\/09\/Ennergie-1.jpg\" alt=\"\" class=\"wp-image-2127\" srcset=\"https:\/\/super-sonnig.de\/verkauf\/wp-content\/uploads\/2025\/09\/Ennergie-1.jpg 875w, https:\/\/super-sonnig.de\/verkauf\/wp-content\/uploads\/2025\/09\/Ennergie-1-300x226.jpg 300w, https:\/\/super-sonnig.de\/verkauf\/wp-content\/uploads\/2025\/09\/Ennergie-1-768x578.jpg 768w\" sizes=\"(max-width: 875px) 100vw, 875px\" \/><\/figure>\n\n\n\n<p><\/p>\n","protected":false},"excerpt":{"rendered":"<p>Es handelt dich um PDF Dateien aus den Bauantr\u00e4gen. Wir haben kleine Erg\u00e4nzungen vorgenommen und auch W\u00e4nde die nicht (mehr) vorhanden sind retuschiert. =&gt; Kellergeschoss =&gt; Erdgeschoss =&gt; Erstes OG Vom Dachgeschoss gibt es keinen aktuellen Grundriss Aufstellung der Raumgr\u00f6\u00dfe aus dem Bauantrag f\u00fcr die Erweiterung 1986 auch als PDF =&gt; hier Den Energieausweis k\u00f6nnen [&hellip;]<\/p>\n","protected":false},"author":1,"featured_media":0,"parent":0,"menu_order":0,"comment_status":"closed","ping_status":"closed","template":"","meta":{"_acf_changed":false,"footnotes":""},"class_list":["post-2239","page","type-page","status-publish","hentry"],"acf":[],"_links":{"self":[{"href":"https:\/\/super-sonnig.de\/verkauf\/index.php?rest_route=\/wp\/v2\/pages\/2239","targetHints":{"allow":["GET"]}}],"collection":[{"href":"https:\/\/super-sonnig.de\/verkauf\/index.php?rest_route=\/wp\/v2\/pages"}],"about":[{"href":"https:\/\/super-sonnig.de\/verkauf\/index.php?rest_route=\/wp\/v2\/types\/page"}],"author":[{"embeddable":true,"href":"https:\/\/super-sonnig.de\/verkauf\/index.php?rest_route=\/wp\/v2\/users\/1"}],"replies":[{"embeddable":true,"href":"https:\/\/super-sonnig.de\/verkauf\/index.php?rest_route=%2Fwp%2Fv2%2Fcomments&post=2239"}],"version-history":[{"count":12,"href":"https:\/\/super-sonnig.de\/verkauf\/index.php?rest_route=\/wp\/v2\/pages\/2239\/revisions"}],"predecessor-version":[{"id":2273,"href":"https:\/\/super-sonnig.de\/verkauf\/index.php?rest_route=\/wp\/v2\/pages\/2239\/revisions\/2273"}],"wp:attachment":[{"href":"https:\/\/super-sonnig.de\/verkauf\/index.php?rest_route=%2Fwp%2Fv2%2Fmedia&parent=2239"}],"curies":[{"name":"wp","href":"https:\/\/api.w.org\/{rel}","templated":true}]}}